{"id":3632,"date":"2024-06-04T07:03:16","date_gmt":"2024-06-04T07:03:16","guid":{"rendered":"https:\/\/essakalli.versiondigitale.net\/?page_id=3632"},"modified":"2025-02-21T14:34:55","modified_gmt":"2025-02-21T14:34:55","slug":"competences","status":"publish","type":"page","link":"https:\/\/essakalli.versiondigitale.net\/?page_id=3632","title":{"rendered":"Comp\u00e9tences"},"content":{"rendered":"<section id=\"bt_bb_section69ddc6815efcc\" class=\"bt_bb_section bt_bb_layout_boxed_1200 bt_bb_vertical_align_top bt_bb_top_spacing_large bt_bb_bottom_spacing_large\"  data-bt-override-class=\"null\"><div class=\"bt_bb_background_image_holder_wrapper\"><div class=\"bt_bb_background_image_holder btLazyLoadBackground bt_bb_parallax\"  data-background_image_src=\"https:\/\/essakalli.versiondigitale.net\/wp-content\/uploads\/2024\/09\/background.jpg\" data-parallax=\"0.7\" data-parallax-offset=\"0\" data-parallax-zoom-start=\"1\" data-parallax-zoom-end=\"1\" data-parallax-blur-start=\"0\" data-parallax-blur-end=\"0\" data-parallax-opacity-start=\"1\" data-parallax-opacity-end=\"1\" style=\" background-image: url(&#039;https:\/\/essakalli.versiondigitale.net\/wp-content\/plugins\/bold-page-builder\/img\/blank.gif&#039;);\"><\/div><\/div><div class=\"bt_bb_port\"><div class=\"bt_bb_cell\"><div class=\"bt_bb_cell_inner\"><div class=\"bt_bb_row \"  data-bt-override-class=\"{}\"><div class=\"bt_bb_row_holder\" ><div data-bb-version=\"4.9.8\"  class=\"bt_bb_column col-xl-12 bt_bb_align_center bt_bb_padding_double bt_bb_animation_fade_in animate\"  data-width=\"12\" data-bt-override-class=\"{&quot;bt_bb_align_&quot;:{&quot;current_class&quot;:&quot;bt_bb_align_center&quot;,&quot;xxl&quot;:&quot;center&quot;},&quot;bt_bb_padding_&quot;:{&quot;current_class&quot;:&quot;bt_bb_padding_double&quot;,&quot;xxl&quot;:&quot;double&quot;}}\"><div class=\"bt_bb_column_content bt_bb_vertical_align_top bt_bb_color_scheme_\"><div class=\"bt_bb_column_content_inner\"><div class=\"bt_bb_separator_v2 bt_bb_border_style_none bt_bb_top_spacing_normal bt_bb_bottom_spacing_medium bt_bb_icon_size_normal bt_bb_text_size_normal bt_bb_separator_v2_without_content bt_bb_hidden_xs bt_bb_hidden_ms bt_bb_hidden_sm\" data-bt-override-class=\"null\"><div class=\"bt_bb_separator_v2_inner\"><span class=\"bt_bb_separator_v2_inner_before\"><\/span><span class=\"bt_bb_separator_v2_inner_content\"><span  data-ico-=\"\" class=\"bt_bb_icon_holder\"><\/span><\/span><span class=\"bt_bb_separator_v2_inner_after\"><\/span><\/div><\/div><header class=\"bt_bb_headline bt_bb_color_scheme_1 bt_bb_dash_none bt_bb_size_extralarge bt_bb_align_inherit\" style=\"; --primary-color:#ffffff; --secondary-color:#191919;\" data-bt-override-class=\"{}\"><h3 class=\"bt_bb_headline_tag\"><span class=\"bt_bb_headline_content\"><span>Me Yasmine ESSAKALLI - Comp\u00e9tences<\/span><\/span><\/h3><\/header><\/div><\/div><\/div><\/div><\/div><\/div><!-- cell_inner --><\/div><!-- cell --><\/div><!-- port --><\/section><section data-bb-version=\"4.9.1\" id=\"bt_bb_section69ddc6815f16a\" class=\"bt_bb_section bt_bb_layout_boxed_1200\"  data-bt-override-class=\"null\"><div class=\"bt_bb_port\"><div class=\"bt_bb_cell\"><div class=\"bt_bb_cell_inner\"><div class=\"bt_bb_row \"  data-bt-override-class=\"{}\"><div class=\"bt_bb_row_holder\" ><div data-bb-version=\"4.9.1\"  class=\"bt_bb_column col-xl-12 col-xs-12 col-sm-12 col-md-12 col-lg-12 bt_bb_align_left bt_bb_padding_normal\"  data-width=\"12\" data-bt-override-class=\"{}\"><div class=\"bt_bb_column_content bt_bb_vertical_align_top bt_bb_color_scheme_\"><div class=\"bt_bb_column_content_inner\"><div class=\"bt_bb_separator_v2 bt_bb_border_style_none bt_bb_top_spacing_normal bt_bb_bottom_spacing_medium bt_bb_icon_size_normal bt_bb_text_size_normal bt_bb_separator_v2_without_content bt_bb_hidden_xs bt_bb_hidden_ms bt_bb_hidden_sm\" data-bt-override-class=\"null\"><div class=\"bt_bb_separator_v2_inner\"><span class=\"bt_bb_separator_v2_inner_before\"><\/span><span class=\"bt_bb_separator_v2_inner_content\"><span  data-ico-=\"\" class=\"bt_bb_icon_holder\"><\/span><\/span><span class=\"bt_bb_separator_v2_inner_after\"><\/span><\/div><\/div><div data-bb-version=\"4.9.1\"  class=\"bt_bb_text\" ><p><b>Domaines d&rsquo;Intervention<\/b><\/p>\n<p><span style=\"font-weight: 400\">Notre cabinet intervient aupr\u00e8s d&rsquo;un large \u00e9ventail d&rsquo;acteurs \u00e9conomiques, marocains et \u00e9trangers, notamment dans les domaines suivants :<\/span><\/p>\n<ul>\n<li style=\"font-weight: 400\"><b>Conseil Juridique<\/b><span style=\"font-weight: 400\"> : R\u00e9daction d&rsquo;actes, conventions, contrats adapt\u00e9s aux besoins sp\u00e9cifiques de l&rsquo;entreprise, n\u00e9gociation et r\u00e9daction de divers documents juridiques relatifs aux relations avec partenaires, fournisseurs, clients ou prestataires, assurant une gestion juridique coh\u00e9rente et s\u00e9curis\u00e9e des relations commerciales.<\/span><\/li>\n<li style=\"font-weight: 400\"><b>Contentieux<\/b><span style=\"font-weight: 400\"> : Recouvrement de cr\u00e9ances, litiges en droit commercial, droit du travail, droit civil et droit immobilier.<\/span><\/li>\n<li style=\"font-weight: 400\"><b>M\u00e9diation et Arbitrage<\/b><span style=\"font-weight: 400\"> : Modes amiables de r\u00e8glement de diff\u00e9rends.<\/span><\/li>\n<\/ul>\n<p><b>Accompagnement Sectoriel<\/b><\/p>\n<p><span style=\"font-weight: 400\">Nous accompagnons nos clients issus de secteurs diversifi\u00e9s, tels que :<\/span><\/p>\n<ul>\n<li style=\"font-weight: 400\"><span style=\"font-weight: 400\">Le louage de biens et de services<\/span><\/li>\n<li style=\"font-weight: 400\"><span style=\"font-weight: 400\">Le param\u00e9dical<\/span><\/li>\n<li style=\"font-weight: 400\"><span style=\"font-weight: 400\">L\u2019assistance<\/span><\/li>\n<li style=\"font-weight: 400\"><span style=\"font-weight: 400\">L\u2019industrie\u00a0<\/span><\/li>\n<li style=\"font-weight: 400\"><span style=\"font-weight: 400\">La distribution<\/span><\/li>\n<li style=\"font-weight: 400\"><span style=\"font-weight: 400\">La logistique<\/span><\/li>\n<li style=\"font-weight: 400\"><span style=\"font-weight: 400\">Le Travail temporaire<\/span><\/li>\n<\/ul>\n<p><b>Le\u00a0Cabinet\u00a0b\u00e9n\u00e9ficie\u00a0de\u00a0la\u00a0confiance\u00a0d\u2019organisations\u00a0de\u00a0premier\u00a0plan\u00a0:<\/b><b>\u00a0<\/b><\/p>\n<p><span style=\"font-weight: 400\">Me\u00a0Yasmine\u00a0Essakalli\u00a0a\u00a0\u00e9t\u00e9\u00a0s\u00e9lectionn\u00e9e\u00a0par\u00a0le\u00a0Centre\u00a0de\u00a0M\u00e9diation\u00a0et\u00a0d\u2019Arbitrage\u00a0de\u00a0Paris afin\u00a0de\u00a0faire\u00a0partie\u00a0d\u2019un\u00a0panel\u00a0de\u00a0juristes\u00a0et\u00a0d\u2019avocats\u00a0\u00e0\u00a0l\u2019\u00e9chelle\u00a0de\u00a0la\u00a0r\u00e9gion\u00a0MENA en\u00a0vue\u00a0de\u00a0pr\u00e9parer\u00a0et\u00a0d\u2019animer\u00a0un\u00a0programme\u00a0d\u2019implantation\u00a0des\u00a0modes\u00a0alternatifs\u00a0de\u00a0r\u00e8glement\u00a0des\u00a0diff\u00e9rends\u00a0qui\u00a0a\u00a0conduit\u00a0\u00e0\u00a0la\u00a0publication\u00a0d\u2019un\u00a0ouvrage\u00a0:\u00a0\u00ab\u00a0<\/span><b><i>Arbitration\u00a0and\u00a0Mediation\u00a0in\u00a0the\u00a0Souther in\u00a0Mediterranean\u00a0Countries\u00a0\u00bb\u00a0ed.\u00a0Kluwer\u00a0Law\u00a0International<\/i><\/b><b>.<\/b><\/p>\n<p><span style=\"font-weight: 400\">Ancienne pr\u00e9sidente et vice-pr\u00e9sidente de la Commission M\u00e9diation et du Comit\u00e9 M\u00e9diation de la CFCIM.<\/span><\/p>\n<p><span style=\"font-weight: 400\">Co-fondatrice du Centre de M\u00e9diation pour l\u2019Entreprise de la CFCIM- Le CME<\/span><\/p>\n<p><span style=\"font-weight: 400\">M\u00e9diateure agr\u00e9\u00e9e aupr\u00e8s du CMAP Paris<\/span><\/p>\n<p><span style=\"font-weight: 400\">Formatrice en M\u00e9diation<\/span><\/p>\n<p><span style=\"font-weight: 400\">Membre du jury au concours international de la m\u00e9diation organis\u00e9 par le CMAP<\/span><\/p>\n<p><span style=\"font-weight: 400\">Me\u00a0Yasmine\u00a0ESSAKALLI\u00a0est\u00a0la premi\u00e8re au\u00a0Maroc\u00a0\u00e0\u00a0\u00eatre\u00a0titulaire\u00a0du\u00a0CAP\u2019M,\u00a0Certificat\u00a0<\/span><\/p>\n<p><span style=\"font-weight: 400\">D\u2019Aptitude\u00a0\u00e0\u00a0la\u00a0Profession\u00a0de\u00a0M\u00e9diateur.\u00a0<\/span><\/p>\n<p><span style=\"font-weight: 400\">Me\u00a0Yasmine\u00a0ESSAKALLI\u00a0est\u00a0r\u00e9f\u00e9renc\u00e9e\u00a0par\u00a0le\u00a0Consulat\u00a0G\u00e9n\u00e9ral\u00a0de\u00a0France\u00a0de\u00a0Casablanca.\u00a0<\/span><\/p>\n<p>\u00a0<\/p>\n<p>\u00a0<\/p>\n<p>\u00a0<\/p>\n<\/div><\/div><\/div><\/div><\/div><\/div><\/div><!-- cell_inner --><\/div><!-- cell --><\/div><!-- port --><\/section><section id=\"bt_bb_section69ddc6815f634\" class=\"bt_bb_section bt_bb_layout_boxed_1200 bt_bb_vertical_align_top bt_bb_top_spacing_large bt_bb_bottom_spacing_large\"  data-bt-override-class=\"null\"><div class=\"bt_bb_background_image_holder_wrapper\"><div class=\"bt_bb_background_image_holder btLazyLoadBackground bt_bb_parallax\"  data-background_image_src=\"https:\/\/essakalli.versiondigitale.net\/wp-content\/uploads\/2019\/10\/background_04.jpg\" data-parallax=\"0.7\" data-parallax-offset=\"0\" data-parallax-zoom-start=\"1\" data-parallax-zoom-end=\"1\" data-parallax-blur-start=\"0\" data-parallax-blur-end=\"0\" data-parallax-opacity-start=\"1\" data-parallax-opacity-end=\"1\" style=\" background-image: url(&#039;https:\/\/essakalli.versiondigitale.net\/wp-content\/plugins\/bold-page-builder\/img\/blank.gif&#039;);\"><\/div><\/div><div class=\"bt_bb_port\"><div class=\"bt_bb_cell\"><div class=\"bt_bb_cell_inner\"><div class=\"bt_bb_row \"  data-bt-override-class=\"{}\"><div class=\"bt_bb_row_holder\" ><div  class=\"bt_bb_column col-xl-12 bt_bb_align_center bt_bb_padding_normal bt_bb_animation_fade_in animate\"  data-width=\"12\" data-bt-override-class=\"{}\"><div class=\"bt_bb_column_content bt_bb_vertical_align_top bt_bb_color_scheme_\"><div class=\"bt_bb_column_content_inner\"><header class=\"bt_bb_headline bt_bb_color_scheme_7 bt_bb_dash_gray bt_bb_size_large bt_bb_align_inherit\" style=\"; --primary-color:#1a243f; --secondary-color:#191919;\" data-bt-override-class=\"{}\"><h3 class=\"bt_bb_headline_tag\"><span class=\"bt_bb_headline_content\"><span>Contactez-nous<\/span><\/span><\/h3><\/header><div class=\"bt_bb_separator_v2 bt_bb_border_style_none bt_bb_bottom_spacing_90 bt_bb_icon_size_normal bt_bb_text_size_normal bt_bb_separator_v2_without_content\" data-bt-override-class=\"null\"><div class=\"bt_bb_separator_v2_inner\"><span class=\"bt_bb_separator_v2_inner_before\"><\/span><span class=\"bt_bb_separator_v2_inner_content\"><span  data-ico-=\"\" class=\"bt_bb_icon_holder\"><\/span><\/span><span class=\"bt_bb_separator_v2_inner_after\"><\/span><\/div><\/div><div class=\"bt_bb_button bt_bb_color_scheme_10 bt_bb_icon_color_scheme_6 bt_bb_style_filled bt_bb_size_large bt_bb_width_inline bt_bb_shape_square bt_bb_align_inherit btWithIcon\" style=\"; --button-primary-color:#ffffff; --button-secondary-color:#1a243f;; --button-icon-primary-color:#ffffff; --button-icon-secondary-color:#B07C4B;\" data-bt-override-class=\"{}\"><a href=\"#\" target=\"_self\" class=\"bt_bb_link\" title=\"+212 5 22 26 10 61\"><div class=\"bt_bb_icon\"><span  data-ico-icon7stroke=\"&#xe670;\" class=\"bt_bb_icon_holder\"><\/span><\/div><div class=\"bt_bb_link\"><span class=\"bt_bb_button_text\">+212 5 22 26 10 61<\/span><\/div><\/a><\/div><\/div><\/div><\/div><\/div><\/div><\/div><!-- cell_inner --><\/div><!-- cell --><\/div><!-- port --><\/section>","protected":false},"excerpt":{"rendered":"","protected":false},"author":1,"featured_media":0,"parent":0,"menu_order":0,"comment_status":"closed","ping_status":"closed","template":"","meta":{"footnotes":""},"class_list":["post-3632","page","type-page","status-publish","hentry"],"_links":{"self":[{"href":"https:\/\/essakalli.versiondigitale.net\/index.php?rest_route=\/wp\/v2\/pages\/3632","targetHints":{"allow":["GET"]}}],"collection":[{"href":"https:\/\/essakalli.versiondigitale.net\/index.php?rest_route=\/wp\/v2\/pages"}],"about":[{"href":"https:\/\/essakalli.versiondigitale.net\/index.php?rest_route=\/wp\/v2\/types\/page"}],"author":[{"embeddable":true,"href":"https:\/\/essakalli.versiondigitale.net\/index.php?rest_route=\/wp\/v2\/users\/1"}],"replies":[{"embeddable":true,"href":"https:\/\/essakalli.versiondigitale.net\/index.php?rest_route=%2Fwp%2Fv2%2Fcomments&post=3632"}],"version-history":[{"count":22,"href":"https:\/\/essakalli.versiondigitale.net\/index.php?rest_route=\/wp\/v2\/pages\/3632\/revisions"}],"predecessor-version":[{"id":3772,"href":"https:\/\/essakalli.versiondigitale.net\/index.php?rest_route=\/wp\/v2\/pages\/3632\/revisions\/3772"}],"wp:attachment":[{"href":"https:\/\/essakalli.versiondigitale.net\/index.php?rest_route=%2Fwp%2Fv2%2Fmedia&parent=3632"}],"curies":[{"name":"wp","href":"https:\/\/api.w.org\/{rel}","templated":true}]}}