{"id":3634,"date":"2024-06-04T07:03:28","date_gmt":"2024-06-04T07:03:28","guid":{"rendered":"https:\/\/essakalli.versiondigitale.net\/?page_id=3634"},"modified":"2025-02-21T14:40:03","modified_gmt":"2025-02-21T14:40:03","slug":"references","status":"publish","type":"page","link":"https:\/\/essakalli.versiondigitale.net\/?page_id=3634","title":{"rendered":"R\u00e9f\u00e9rences"},"content":{"rendered":"<section id=\"bt_bb_section69ddc6777d781\" class=\"bt_bb_section bt_bb_layout_boxed_1200 bt_bb_vertical_align_top bt_bb_top_spacing_large bt_bb_bottom_spacing_large\"  data-bt-override-class=\"null\"><div class=\"bt_bb_background_image_holder_wrapper\"><div class=\"bt_bb_background_image_holder btLazyLoadBackground bt_bb_parallax\"  data-background_image_src=\"https:\/\/essakalli.versiondigitale.net\/wp-content\/uploads\/2024\/09\/background.jpg\" data-parallax=\"0.7\" data-parallax-offset=\"0\" data-parallax-zoom-start=\"1\" data-parallax-zoom-end=\"1\" data-parallax-blur-start=\"0\" data-parallax-blur-end=\"0\" data-parallax-opacity-start=\"1\" data-parallax-opacity-end=\"1\" style=\" background-image: url(&#039;https:\/\/essakalli.versiondigitale.net\/wp-content\/plugins\/bold-page-builder\/img\/blank.gif&#039;);\"><\/div><\/div><div class=\"bt_bb_port\"><div class=\"bt_bb_cell\"><div class=\"bt_bb_cell_inner\"><div class=\"bt_bb_row \"  data-bt-override-class=\"{}\"><div class=\"bt_bb_row_holder\" ><div data-bb-version=\"4.9.8\"  class=\"bt_bb_column col-xl-12 bt_bb_align_center bt_bb_padding_double bt_bb_animation_fade_in animate\"  data-width=\"12\" data-bt-override-class=\"{&quot;bt_bb_align_&quot;:{&quot;current_class&quot;:&quot;bt_bb_align_center&quot;,&quot;xxl&quot;:&quot;center&quot;},&quot;bt_bb_padding_&quot;:{&quot;current_class&quot;:&quot;bt_bb_padding_double&quot;,&quot;xxl&quot;:&quot;double&quot;}}\"><div class=\"bt_bb_column_content bt_bb_vertical_align_top bt_bb_color_scheme_\"><div class=\"bt_bb_column_content_inner\"><div class=\"bt_bb_separator_v2 bt_bb_border_style_none bt_bb_top_spacing_normal bt_bb_bottom_spacing_medium bt_bb_icon_size_normal bt_bb_text_size_normal bt_bb_separator_v2_without_content bt_bb_hidden_xs bt_bb_hidden_ms bt_bb_hidden_sm\" data-bt-override-class=\"null\"><div class=\"bt_bb_separator_v2_inner\"><span class=\"bt_bb_separator_v2_inner_before\"><\/span><span class=\"bt_bb_separator_v2_inner_content\"><span  data-ico-=\"\" class=\"bt_bb_icon_holder\"><\/span><\/span><span class=\"bt_bb_separator_v2_inner_after\"><\/span><\/div><\/div><header data-bb-version=\"4.9.8\" class=\"bt_bb_headline bt_bb_color_scheme_1 bt_bb_dash_none bt_bb_subheadline bt_bb_size_extralarge bt_bb_align_inherit\" style=\"; --primary-color:#ffffff; --secondary-color:#191919;\" data-bt-override-class=\"{&quot;bt_bb_size_&quot;:{&quot;current_class&quot;:&quot;bt_bb_size_extralarge&quot;,&quot;xxl&quot;:&quot;extralarge&quot;},&quot;bt_bb_align_&quot;:{&quot;current_class&quot;:&quot;bt_bb_align_inherit&quot;,&quot;xxl&quot;:&quot;inherit&quot;}}\"><h3 class=\"bt_bb_headline_tag\"><span class=\"bt_bb_headline_content\"><span>Me Yasmine ESSAKALLI - R\u00e9f\u00e9rences<\/span><\/span><\/h3><div class=\"bt_bb_headline_subheadline\">Le Cabinet de Ma\u00eetre Yasmine ESSAKALLI a b\u00e2ti une solide r\u00e9putation au Maroc, tant en mati\u00e8re de conseil qu'en contentieux. Cette expertise reconnue lui permet de servir une client\u00e8le diversifi\u00e9e, compos\u00e9e de soci\u00e9t\u00e9s locales, d'entreprises publiques, d'administrations, ainsi que de soci\u00e9t\u00e9s multinationales ou \u00e9trang\u00e8res op\u00e9rant dans des secteurs vari\u00e9s.<\/div><\/header><\/div><\/div><\/div><\/div><\/div><\/div><!-- cell_inner --><\/div><!-- cell --><\/div><!-- port --><\/section><section data-bb-version=\"4.9.8\" id=\"bt_bb_section69ddc6777d93c\" class=\"bt_bb_section bt_bb_layout_boxed_1200 bt_bb_vertical_align_top bt_bb_top_spacing_ bt_bb_bottom_spacing_\"  data-bt-override-class=\"{&quot;bt_bb_top_spacing_&quot;:{&quot;current_class&quot;:&quot;bt_bb_top_spacing_&quot;,&quot;xxl&quot;:&quot;&quot;},&quot;bt_bb_bottom_spacing_&quot;:{&quot;current_class&quot;:&quot;bt_bb_bottom_spacing_&quot;,&quot;xxl&quot;:&quot;&quot;}}\"><div class=\"bt_bb_port\"><div class=\"bt_bb_cell\"><div class=\"bt_bb_cell_inner\"><div class=\"bt_bb_row  bt_bb_layout_special btOverlapLeft\"  data-bt-override-class=\"{}\"><div class=\"bt_bb_row_holder\" ><div  class=\"bt_bb_column col-xl-12 col-xs-12 col-sm-12 col-md-12 col-lg-12 bt_bb_align_left bt_bb_padding_normal bt_bb_animation_fade_in animate\"  data-width=\"12\" data-bt-override-class=\"{&quot;bt_bb_align_&quot;:{&quot;current_class&quot;:&quot;bt_bb_align_left&quot;,&quot;xxl&quot;:&quot;left&quot;}}\"><div class=\"bt_bb_column_content bt_bb_vertical_align_middle bt_bb_color_scheme_\"><div class=\"bt_bb_column_content_inner\"><div class=\"bt_bb_separator_v2 bt_bb_border_style_none bt_bb_bottom_spacing_medium bt_bb_icon_size_normal bt_bb_text_size_normal bt_bb_separator_v2_without_content\" data-bt-override-class=\"null\"><div class=\"bt_bb_separator_v2_inner\"><span class=\"bt_bb_separator_v2_inner_before\"><\/span><span class=\"bt_bb_separator_v2_inner_content\"><span  data-ico-=\"\" class=\"bt_bb_icon_holder\"><\/span><\/span><span class=\"bt_bb_separator_v2_inner_after\"><\/span><\/div><\/div><div data-bb-version=\"4.9.8\" class=\" bt_bb_row_inner bt_bb_row_width_boxed_1200\"   data-bt-override-class=\"{}\"><div class=\"bt_bb_row_inner_holder\"  ><div data-bb-version=\"4.9.8\"  class=\"bt_bb_column_inner col-xl-4 col-xs-12 col-sm-12 col-md-12 col-lg-4 bt_bb_align_left bt_bb_vertical_align_top bt_bb_padding_normal\"  data-width=\"4\" data-bt-override-class=\"{&quot;bt_bb_align_&quot;:{&quot;current_class&quot;:&quot;bt_bb_align_left&quot;,&quot;xxl&quot;:&quot;left&quot;}}\"><div class=\"bt_bb_column_inner_content\"><div data-bb-version=\"4.9.8\" class=\"bt_bb_service bt_bb_color_scheme_6 bt_bb_style_filled bt_bb_size_normal bt_bb_shape_square bt_bb_align_inherit bt_bb_arrow_visible bt_bb_title_color_scheme_14\" style=\"; --service-primary-color:#ffffff; --service-secondary-color:#B07C4B;; --service-title-primary-color:#1a243f; --service-title-secondary-color:#B07C4B;\"><a href=\"#\"  target=\"_self\"  title=\"Assistance\"  data-ico-fontawesome=\"&#xf1cd;\" class=\"bt_bb_icon_holder\"><\/a><div class=\"bt_bb_service_content\"><a href=\"#\" target=\"_self\"><div class=\"bt_bb_service_content_title\">Assistance<\/div><div class=\"bt_bb_service_content_arrow\"><\/div><\/a><\/div><\/div><div class=\"bt_bb_separator_v2 bt_bb_border_style_none bt_bb_bottom_spacing_normal bt_bb_icon_size_normal bt_bb_text_size_normal bt_bb_separator_v2_without_content\" data-bt-override-class=\"null\"><div class=\"bt_bb_separator_v2_inner\"><span class=\"bt_bb_separator_v2_inner_before\"><\/span><span class=\"bt_bb_separator_v2_inner_content\"><span  data-ico-=\"\" class=\"bt_bb_icon_holder\"><\/span><\/span><span class=\"bt_bb_separator_v2_inner_after\"><\/span><\/div><\/div><div data-bb-version=\"4.9.8\" class=\"bt_bb_service bt_bb_color_scheme_6 bt_bb_style_filled bt_bb_size_normal bt_bb_shape_square bt_bb_align_inherit bt_bb_arrow_visible bt_bb_title_color_scheme_14\" style=\"; --service-primary-color:#ffffff; --service-secondary-color:#B07C4B;; --service-title-primary-color:#1a243f; --service-title-secondary-color:#B07C4B;\"><a href=\"#\"  target=\"_self\"  title=\"Climatisation\"  data-ico-=\"\" class=\"bt_bb_icon_holder\"><\/a><div class=\"bt_bb_service_content\"><a href=\"#\" target=\"_self\"><div class=\"bt_bb_service_content_title\">Climatisation<\/div><div class=\"bt_bb_service_content_arrow\"><\/div><\/a><\/div><\/div><div class=\"bt_bb_separator_v2 bt_bb_border_style_none bt_bb_bottom_spacing_normal bt_bb_icon_size_normal bt_bb_text_size_normal bt_bb_separator_v2_without_content\" data-bt-override-class=\"null\"><div class=\"bt_bb_separator_v2_inner\"><span class=\"bt_bb_separator_v2_inner_before\"><\/span><span class=\"bt_bb_separator_v2_inner_content\"><span  data-ico-=\"\" class=\"bt_bb_icon_holder\"><\/span><\/span><span class=\"bt_bb_separator_v2_inner_after\"><\/span><\/div><\/div><div data-bb-version=\"4.9.8\" class=\"bt_bb_service bt_bb_color_scheme_6 bt_bb_style_filled bt_bb_size_normal bt_bb_shape_square bt_bb_align_inherit bt_bb_arrow_visible bt_bb_title_color_scheme_14\" style=\"; --service-primary-color:#ffffff; --service-secondary-color:#B07C4B;; --service-title-primary-color:#1a243f; --service-title-secondary-color:#B07C4B;\"><a href=\"#\"  target=\"_self\"  title=\"Industrie\"  data-ico-=\"\" class=\"bt_bb_icon_holder\"><\/a><div class=\"bt_bb_service_content\"><a href=\"#\" target=\"_self\"><div class=\"bt_bb_service_content_title\">Industrie<\/div><div class=\"bt_bb_service_content_arrow\"><\/div><\/a><\/div><\/div><div class=\"bt_bb_separator_v2 bt_bb_border_style_none bt_bb_bottom_spacing_normal bt_bb_icon_size_normal bt_bb_text_size_normal bt_bb_separator_v2_without_content\" data-bt-override-class=\"null\"><div class=\"bt_bb_separator_v2_inner\"><span class=\"bt_bb_separator_v2_inner_before\"><\/span><span class=\"bt_bb_separator_v2_inner_content\"><span  data-ico-=\"\" class=\"bt_bb_icon_holder\"><\/span><\/span><span class=\"bt_bb_separator_v2_inner_after\"><\/span><\/div><\/div><div data-bb-version=\"4.9.8\" class=\"bt_bb_service bt_bb_color_scheme_6 bt_bb_style_filled bt_bb_size_normal bt_bb_shape_square bt_bb_align_inherit bt_bb_arrow_visible bt_bb_title_color_scheme_14\" style=\"; --service-primary-color:#ffffff; --service-secondary-color:#B07C4B;; --service-title-primary-color:#1a243f; --service-title-secondary-color:#B07C4B;\"><a href=\"#\"  target=\"_self\"  title=\"Location\"  data-ico-=\"\" class=\"bt_bb_icon_holder\"><\/a><div class=\"bt_bb_service_content\"><a href=\"#\" target=\"_self\"><div class=\"bt_bb_service_content_title\">Location<\/div><div class=\"bt_bb_service_content_arrow\"><\/div><\/a><\/div><\/div><\/div><\/div><div data-bb-version=\"4.9.8\"  class=\"bt_bb_column_inner col-xl-4 col-xs-12 col-sm-12 col-md-12 col-lg-4 bt_bb_align_left bt_bb_vertical_align_top bt_bb_padding_normal\"  data-width=\"4\" data-bt-override-class=\"{&quot;bt_bb_align_&quot;:{&quot;current_class&quot;:&quot;bt_bb_align_left&quot;,&quot;xxl&quot;:&quot;left&quot;}}\"><div class=\"bt_bb_column_inner_content\"><div data-bb-version=\"4.9.8\" class=\"bt_bb_service bt_bb_color_scheme_6 bt_bb_style_filled bt_bb_size_normal bt_bb_shape_square bt_bb_align_inherit bt_bb_arrow_visible bt_bb_title_color_scheme_14\" style=\"; --service-primary-color:#ffffff; --service-secondary-color:#B07C4B;; --service-title-primary-color:#1a243f; --service-title-secondary-color:#B07C4B;\"><a href=\"#\"  target=\"_self\"  title=\"Bancaire et financier\"  data-ico-business=\"&#xf10a;\" class=\"bt_bb_icon_holder\"><\/a><div class=\"bt_bb_service_content\"><a href=\"#\" target=\"_self\"><div class=\"bt_bb_service_content_title\">Bancaire et financier<\/div><div class=\"bt_bb_service_content_arrow\"><\/div><\/a><\/div><\/div><div class=\"bt_bb_separator_v2 bt_bb_border_style_none bt_bb_bottom_spacing_normal bt_bb_icon_size_normal bt_bb_text_size_normal bt_bb_separator_v2_without_content\" data-bt-override-class=\"null\"><div class=\"bt_bb_separator_v2_inner\"><span class=\"bt_bb_separator_v2_inner_before\"><\/span><span class=\"bt_bb_separator_v2_inner_content\"><span  data-ico-=\"\" class=\"bt_bb_icon_holder\"><\/span><\/span><span class=\"bt_bb_separator_v2_inner_after\"><\/span><\/div><\/div><div data-bb-version=\"4.9.8\" class=\"bt_bb_service bt_bb_color_scheme_6 bt_bb_style_filled bt_bb_size_normal bt_bb_shape_square bt_bb_align_inherit bt_bb_arrow_visible bt_bb_title_color_scheme_14\" style=\"; --service-primary-color:#ffffff; --service-secondary-color:#B07C4B;; --service-title-primary-color:#1a243f; --service-title-secondary-color:#B07C4B;\"><a href=\"#\"  target=\"_self\"  title=\"Distribution\"  data-ico-=\"\" class=\"bt_bb_icon_holder\"><\/a><div class=\"bt_bb_service_content\"><a href=\"#\" target=\"_self\"><div class=\"bt_bb_service_content_title\">Distribution<\/div><div class=\"bt_bb_service_content_arrow\"><\/div><\/a><\/div><\/div><div class=\"bt_bb_separator_v2 bt_bb_border_style_none bt_bb_bottom_spacing_normal bt_bb_icon_size_normal bt_bb_text_size_normal bt_bb_separator_v2_without_content\" data-bt-override-class=\"null\"><div class=\"bt_bb_separator_v2_inner\"><span class=\"bt_bb_separator_v2_inner_before\"><\/span><span class=\"bt_bb_separator_v2_inner_content\"><span  data-ico-=\"\" class=\"bt_bb_icon_holder\"><\/span><\/span><span class=\"bt_bb_separator_v2_inner_after\"><\/span><\/div><\/div><div data-bb-version=\"4.9.8\" class=\"bt_bb_service bt_bb_color_scheme_6 bt_bb_style_filled bt_bb_size_normal bt_bb_shape_square bt_bb_align_inherit bt_bb_arrow_visible bt_bb_title_color_scheme_14\" style=\"; --service-primary-color:#ffffff; --service-secondary-color:#B07C4B;; --service-title-primary-color:#1a243f; --service-title-secondary-color:#B07C4B;\"><a href=\"#\"  target=\"_self\"  title=\"Logistique\"  data-ico-=\"\" class=\"bt_bb_icon_holder\"><\/a><div class=\"bt_bb_service_content\"><a href=\"#\" target=\"_self\"><div class=\"bt_bb_service_content_title\">Logistique<\/div><div class=\"bt_bb_service_content_arrow\"><\/div><\/a><\/div><\/div><div class=\"bt_bb_separator_v2 bt_bb_border_style_none bt_bb_bottom_spacing_normal bt_bb_icon_size_normal bt_bb_text_size_normal bt_bb_separator_v2_without_content\" data-bt-override-class=\"null\"><div class=\"bt_bb_separator_v2_inner\"><span class=\"bt_bb_separator_v2_inner_before\"><\/span><span class=\"bt_bb_separator_v2_inner_content\"><span  data-ico-=\"\" class=\"bt_bb_icon_holder\"><\/span><\/span><span class=\"bt_bb_separator_v2_inner_after\"><\/span><\/div><\/div><div data-bb-version=\"4.9.8\" class=\"bt_bb_service bt_bb_color_scheme_6 bt_bb_style_filled bt_bb_size_normal bt_bb_shape_square bt_bb_align_inherit bt_bb_arrow_visible bt_bb_title_color_scheme_14\" style=\"; --service-primary-color:#ffffff; --service-secondary-color:#B07C4B;; --service-title-primary-color:#1a243f; --service-title-secondary-color:#B07C4B;\"><a href=\"#\"  target=\"_self\"  title=\"Services\"  data-ico-=\"\" class=\"bt_bb_icon_holder\"><\/a><div class=\"bt_bb_service_content\"><a href=\"#\" target=\"_self\"><div class=\"bt_bb_service_content_title\">Services<\/div><div class=\"bt_bb_service_content_arrow\"><\/div><\/a><\/div><\/div><\/div><\/div><div data-bb-version=\"4.9.8\"  class=\"bt_bb_column_inner col-xl-4 col-xs-12 col-sm-12 col-md-12 col-lg-4 bt_bb_align_left bt_bb_vertical_align_top bt_bb_padding_normal\"  data-width=\"4\" data-bt-override-class=\"{}\"><div class=\"bt_bb_column_inner_content\"><div data-bb-version=\"4.9.8\" class=\"bt_bb_service bt_bb_color_scheme_6 bt_bb_style_filled bt_bb_size_normal bt_bb_shape_square bt_bb_align_inherit bt_bb_arrow_visible bt_bb_title_color_scheme_14\" style=\"; --service-primary-color:#ffffff; --service-secondary-color:#B07C4B;; --service-title-primary-color:#1a243f; --service-title-secondary-color:#B07C4B;\"><a href=\"#\"  target=\"_self\"  title=\"Transport\"  data-ico-fontawesome=\"&#xf238;\" class=\"bt_bb_icon_holder\"><\/a><div class=\"bt_bb_service_content\"><a href=\"#\" target=\"_self\"><div class=\"bt_bb_service_content_title\">Transport<\/div><div class=\"bt_bb_service_content_arrow\"><\/div><\/a><\/div><\/div><div class=\"bt_bb_separator_v2 bt_bb_border_style_none bt_bb_bottom_spacing_normal bt_bb_icon_size_normal bt_bb_text_size_normal bt_bb_separator_v2_without_content\" data-bt-override-class=\"null\"><div class=\"bt_bb_separator_v2_inner\"><span class=\"bt_bb_separator_v2_inner_before\"><\/span><span class=\"bt_bb_separator_v2_inner_content\"><span  data-ico-=\"\" class=\"bt_bb_icon_holder\"><\/span><\/span><span class=\"bt_bb_separator_v2_inner_after\"><\/span><\/div><\/div><div data-bb-version=\"4.9.8\" class=\"bt_bb_service bt_bb_color_scheme_6 bt_bb_style_filled bt_bb_size_normal bt_bb_shape_square bt_bb_align_inherit bt_bb_arrow_visible bt_bb_title_color_scheme_14\" style=\"; --service-primary-color:#ffffff; --service-secondary-color:#B07C4B;; --service-title-primary-color:#1a243f; --service-title-secondary-color:#B07C4B;\"><a href=\"#\"  target=\"_self\"  title=\"Mat\u00e9riel M\u00e9dical\"  data-ico-=\"\" class=\"bt_bb_icon_holder\"><\/a><div class=\"bt_bb_service_content\"><a href=\"#\" target=\"_self\"><div class=\"bt_bb_service_content_title\">Mat\u00e9riel M\u00e9dical<\/div><div class=\"bt_bb_service_content_arrow\"><\/div><\/a><\/div><\/div><div class=\"bt_bb_separator_v2 bt_bb_border_style_none bt_bb_bottom_spacing_normal bt_bb_icon_size_normal bt_bb_text_size_normal bt_bb_separator_v2_without_content\" data-bt-override-class=\"null\"><div class=\"bt_bb_separator_v2_inner\"><span class=\"bt_bb_separator_v2_inner_before\"><\/span><span class=\"bt_bb_separator_v2_inner_content\"><span  data-ico-=\"\" class=\"bt_bb_icon_holder\"><\/span><\/span><span class=\"bt_bb_separator_v2_inner_after\"><\/span><\/div><\/div><div data-bb-version=\"4.9.8\" class=\"bt_bb_service bt_bb_color_scheme_6 bt_bb_style_filled bt_bb_size_normal bt_bb_shape_square bt_bb_align_inherit bt_bb_arrow_visible bt_bb_title_color_scheme_14\" style=\"; --service-primary-color:#ffffff; --service-secondary-color:#B07C4B;; --service-title-primary-color:#1a243f; --service-title-secondary-color:#B07C4B;\"><a href=\"#\"  target=\"_self\"  title=\"Travail temporaire\"  data-ico-=\"\" class=\"bt_bb_icon_holder\"><\/a><div class=\"bt_bb_service_content\"><a href=\"#\" target=\"_self\"><div class=\"bt_bb_service_content_title\">Travail temporaire<\/div><div class=\"bt_bb_service_content_arrow\"><\/div><\/a><\/div><\/div><\/div><\/div><\/div><\/div><div class=\"bt_bb_separator_v2 bt_bb_border_style_none bt_bb_bottom_spacing_medium bt_bb_icon_size_normal bt_bb_text_size_normal bt_bb_separator_v2_without_content\" data-bt-override-class=\"null\"><div class=\"bt_bb_separator_v2_inner\"><span class=\"bt_bb_separator_v2_inner_before\"><\/span><span class=\"bt_bb_separator_v2_inner_content\"><span  data-ico-=\"\" class=\"bt_bb_icon_holder\"><\/span><\/span><span class=\"bt_bb_separator_v2_inner_after\"><\/span><\/div><\/div><\/div><\/div><\/div><\/div><\/div><\/div><!-- cell_inner --><\/div><!-- cell --><\/div><!-- port --><\/section><section id=\"bt_bb_section69ddc6777e09e\" class=\"bt_bb_section bt_bb_layout_boxed_1200 bt_bb_vertical_align_top bt_bb_top_spacing_large bt_bb_bottom_spacing_large\"  data-bt-override-class=\"null\"><div class=\"bt_bb_background_image_holder_wrapper\"><div class=\"bt_bb_background_image_holder btLazyLoadBackground bt_bb_parallax\"  data-background_image_src=\"https:\/\/essakalli.versiondigitale.net\/wp-content\/uploads\/2019\/10\/background_04.jpg\" data-parallax=\"0.7\" data-parallax-offset=\"0\" data-parallax-zoom-start=\"1\" data-parallax-zoom-end=\"1\" data-parallax-blur-start=\"0\" data-parallax-blur-end=\"0\" data-parallax-opacity-start=\"1\" data-parallax-opacity-end=\"1\" style=\" background-image: url(&#039;https:\/\/essakalli.versiondigitale.net\/wp-content\/plugins\/bold-page-builder\/img\/blank.gif&#039;);\"><\/div><\/div><div class=\"bt_bb_port\"><div class=\"bt_bb_cell\"><div class=\"bt_bb_cell_inner\"><div class=\"bt_bb_row \"  data-bt-override-class=\"{}\"><div class=\"bt_bb_row_holder\" ><div  class=\"bt_bb_column col-xl-12 bt_bb_align_center bt_bb_padding_normal bt_bb_animation_fade_in animate\"  data-width=\"12\" data-bt-override-class=\"{}\"><div class=\"bt_bb_column_content bt_bb_vertical_align_top bt_bb_color_scheme_\"><div class=\"bt_bb_column_content_inner\"><header class=\"bt_bb_headline bt_bb_color_scheme_7 bt_bb_dash_gray bt_bb_size_large bt_bb_align_inherit\" style=\"; --primary-color:#1a243f; --secondary-color:#191919;\" data-bt-override-class=\"{}\"><h3 class=\"bt_bb_headline_tag\"><span class=\"bt_bb_headline_content\"><span>Contactez-nous<\/span><\/span><\/h3><\/header><div class=\"bt_bb_separator_v2 bt_bb_border_style_none bt_bb_bottom_spacing_90 bt_bb_icon_size_normal bt_bb_text_size_normal bt_bb_separator_v2_without_content\" data-bt-override-class=\"null\"><div class=\"bt_bb_separator_v2_inner\"><span class=\"bt_bb_separator_v2_inner_before\"><\/span><span class=\"bt_bb_separator_v2_inner_content\"><span  data-ico-=\"\" class=\"bt_bb_icon_holder\"><\/span><\/span><span class=\"bt_bb_separator_v2_inner_after\"><\/span><\/div><\/div><div class=\"bt_bb_button bt_bb_color_scheme_10 bt_bb_icon_color_scheme_6 bt_bb_style_filled bt_bb_size_large bt_bb_width_inline bt_bb_shape_square bt_bb_align_inherit btWithIcon\" style=\"; --button-primary-color:#ffffff; --button-secondary-color:#1a243f;; --button-icon-primary-color:#ffffff; --button-icon-secondary-color:#B07C4B;\" data-bt-override-class=\"{}\"><a href=\"#\" target=\"_self\" class=\"bt_bb_link\" title=\"+212 5 22 26 10 61\"><div class=\"bt_bb_icon\"><span  data-ico-icon7stroke=\"&#xe670;\" class=\"bt_bb_icon_holder\"><\/span><\/div><div class=\"bt_bb_link\"><span class=\"bt_bb_button_text\">+212 5 22 26 10 61<\/span><\/div><\/a><\/div><\/div><\/div><\/div><\/div><\/div><\/div><!-- cell_inner --><\/div><!-- cell --><\/div><!-- port --><\/section>","protected":false},"excerpt":{"rendered":"","protected":false},"author":1,"featured_media":0,"parent":0,"menu_order":0,"comment_status":"closed","ping_status":"closed","template":"","meta":{"footnotes":""},"class_list":["post-3634","page","type-page","status-publish","hentry"],"_links":{"self":[{"href":"https:\/\/essakalli.versiondigitale.net\/index.php?rest_route=\/wp\/v2\/pages\/3634","targetHints":{"allow":["GET"]}}],"collection":[{"href":"https:\/\/essakalli.versiondigitale.net\/index.php?rest_route=\/wp\/v2\/pages"}],"about":[{"href":"https:\/\/essakalli.versiondigitale.net\/index.php?rest_route=\/wp\/v2\/types\/page"}],"author":[{"embeddable":true,"href":"https:\/\/essakalli.versiondigitale.net\/index.php?rest_route=\/wp\/v2\/users\/1"}],"replies":[{"embeddable":true,"href":"https:\/\/essakalli.versiondigitale.net\/index.php?rest_route=%2Fwp%2Fv2%2Fcomments&post=3634"}],"version-history":[{"count":13,"href":"https:\/\/essakalli.versiondigitale.net\/index.php?rest_route=\/wp\/v2\/pages\/3634\/revisions"}],"predecessor-version":[{"id":3773,"href":"https:\/\/essakalli.versiondigitale.net\/index.php?rest_route=\/wp\/v2\/pages\/3634\/revisions\/3773"}],"wp:attachment":[{"href":"https:\/\/essakalli.versiondigitale.net\/index.php?rest_route=%2Fwp%2Fv2%2Fmedia&parent=3634"}],"curies":[{"name":"wp","href":"https:\/\/api.w.org\/{rel}","templated":true}]}}